{"id":1424,"date":"2018-12-21T09:36:10","date_gmt":"2018-12-21T09:36:10","guid":{"rendered":"http:\/\/eurohousedanang.com\/?page_id=1424"},"modified":"2021-03-08T08:56:12","modified_gmt":"2021-03-08T08:56:12","slug":"catalog-san-pham","status":"publish","type":"page","link":"https:\/\/thepnamlong.com\/?page_id=1424","title":{"rendered":"CATALOG S\u1ea2N PH\u1ea8M"},"content":{"rendered":"<div class=\"wpb-content-wrapper\">[vc_row][vc_column][vc_column_text css=&#8221;.vc_custom_1615193767158{margin-bottom: 0px !important;}&#8221;]\n<h3><span style=\"color: #000000;\"><strong>CATALOG \u1ed0NG H\u00d2A PH\u00c1T<\/strong><\/span><br \/>\n[pdf-embedder url=&#8221;https:\/\/thepnamlong.com\/wp-content\/uploads\/2021\/03\/catalo-ong-hoa-pht-2020.pdf&#8221; title=&#8221;CATALO \u1ed0NG H\u00d2A PH\u00c1T&#8221;]<\/h3>\n<h3><span style=\"color: #000000;\"><strong>CATALOG TH\u00c9P SEAH TI\u1ebeNG VI\u1ec6T<\/strong><\/span><\/h3>\n[pdf-embedder url=&#8221;https:\/\/thepnamlong.com\/wp-content\/uploads\/2021\/03\/catalo-thep-seah-tieng-viet_13.08.2020-1-1.pdf&#8221;]\n<h3><span style=\"color: #000000;\"><strong>CATALOG \u1ed0NG VI\u1ec6T \u0110\u1ee8C<\/strong><\/span><\/h3>\n[pdf-embedder url=&#8221;https:\/\/thepnamlong.com\/wp-content\/uploads\/2021\/03\/cataloge-ng-vit-c.pdf&#8221;]\n<h3><span style=\"color: #000000;\"><strong>CATALOG \u1ed0NG SUNCO<\/strong><\/span><\/h3>\n[pdf-embedder url=&#8221;https:\/\/thepnamlong.com\/wp-content\/uploads\/2021\/03\/catalogogue_ong_sunco_astm_a53.pdf&#8221;]\n<h3><span style=\"color: #000000;\"><strong>CATALOG CP190<\/strong><\/span><\/h3>\n[pdf-embedder url=&#8221;https:\/\/thepnamlong.com\/wp-content\/uploads\/2021\/03\/catalogue-cp190-ff3-1.pdf&#8221;]\n[pdf-embedder url=&#8221;https:\/\/thepnamlong.com\/wp-content\/uploads\/2021\/03\/catalogue-thp-xd-ha-pht.pdf&#8221;][pdf-embedder url=&#8221;https:\/\/thepnamlong.com\/wp-content\/uploads\/2021\/03\/pipe_fitting_catalogue___cangzhou_huaye.pdf&#8221;][pdf-embedder url=&#8221;https:\/\/thepnamlong.com\/wp-content\/uploads\/2021\/03\/catalogues-thread-fittings.pdf&#8221;][pdf-embedder url=&#8221;https:\/\/thepnamlong.com\/wp-content\/uploads\/2021\/03\/catalogues-pk-sch40-cangzhou-pcc4-10.pdf&#8221;][pdf-embedder url=&#8221;https:\/\/thepnamlong.com\/wp-content\/uploads\/2021\/03\/catalogue_phu_kien_ren_dz.pdf&#8221;][pdf-embedder url=&#8221;https:\/\/thepnamlong.com\/wp-content\/uploads\/2021\/03\/catalogue-thep-nam-long.pdf&#8221;][pdf-embedder url=&#8221;https:\/\/thepnamlong.com\/wp-content\/uploads\/2021\/03\/catalogue-jinil-bend-vina-26.02.2019-ok.pdf&#8221;][\/vc_column_text][\/vc_column][\/vc_row]\n<\/div>","protected":false},"excerpt":{"rendered":"<p>[vc_row][vc_column][vc_column_text css=&#8221;.vc_custom_1615193767158{margin-bottom: 0px !important;}&#8221;] CATALOG \u1ed0NG H\u00d2A PH\u00c1T [pdf-embedder url=&#8221;https:\/\/thepnamlong.com\/wp-content\/uploads\/2021\/03\/catalo-ong-hoa-pht-2020.pdf&#8221; title=&#8221;CATALO \u1ed0NG H\u00d2A PH\u00c1T&#8221;] CATALOG TH\u00c9P SEAH TI\u1ebeNG VI\u1ec6T [pdf-embedder url=&#8221;https:\/\/thepnamlong.com\/wp-content\/uploads\/2021\/03\/catalo-thep-seah-tieng-viet_13.08.2020-1-1.pdf&#8221;] CATALOG \u1ed0NG VI\u1ec6T \u0110\u1ee8C [pdf-embedder url=&#8221;https:\/\/thepnamlong.com\/wp-content\/uploads\/2021\/03\/cataloge-ng-vit-c.pdf&#8221;] CATALOG \u1ed0NG SUNCO [pdf-embedder url=&#8221;https:\/\/thepnamlong.com\/wp-content\/uploads\/2021\/03\/catalogogue_ong_sunco_astm_a53.pdf&#8221;] CATALOG CP190 [pdf-embedder url=&#8221;https:\/\/thepnamlong.com\/wp-content\/uploads\/2021\/03\/catalogue-cp190-ff3-1.pdf&#8221;] [pdf-embedder url=&#8221;https:\/\/thepnamlong.com\/wp-content\/uploads\/2021\/03\/catalogue-thp-xd-ha-pht.pdf&#8221;][pdf-embedder url=&#8221;https:\/\/thepnamlong.com\/wp-content\/uploads\/2021\/03\/pipe_fitting_catalogue___cangzhou_huaye.pdf&#8221;][pdf-embedder url=&#8221;https:\/\/thepnamlong.com\/wp-content\/uploads\/2021\/03\/catalogues-thread-fittings.pdf&#8221;][pdf-embedder url=&#8221;https:\/\/thepnamlong.com\/wp-content\/uploads\/2021\/03\/catalogues-pk-sch40-cangzhou-pcc4-10.pdf&#8221;][pdf-embedder url=&#8221;https:\/\/thepnamlong.com\/wp-content\/uploads\/2021\/03\/catalogue_phu_kien_ren_dz.pdf&#8221;][pdf-embedder url=&#8221;https:\/\/thepnamlong.com\/wp-content\/uploads\/2021\/03\/catalogue-thep-nam-long.pdf&#8221;][pdf-embedder url=&#8221;https:\/\/thepnamlong.com\/wp-content\/uploads\/2021\/03\/catalogue-jinil-bend-vina-26.02.2019-ok.pdf&#8221;][\/vc_column_text][\/vc_column][\/vc_row]<\/p>\n","protected":false},"author":1,"featured_media":0,"parent":0,"menu_order":0,"comment_status":"closed","ping_status":"closed","template":"","meta":{"footnotes":""},"class_list":["post-1424","page","type-page","status-publish","hentry"],"_links":{"self":[{"href":"https:\/\/thepnamlong.com\/index.php?rest_route=\/wp\/v2\/pages\/1424","targetHints":{"allow":["GET"]}}],"collection":[{"href":"https:\/\/thepnamlong.com\/index.php?rest_route=\/wp\/v2\/pages"}],"about":[{"href":"https:\/\/thepnamlong.com\/index.php?rest_route=\/wp\/v2\/types\/page"}],"author":[{"embeddable":true,"href":"https:\/\/thepnamlong.com\/index.php?rest_route=\/wp\/v2\/users\/1"}],"replies":[{"embeddable":true,"href":"https:\/\/thepnamlong.com\/index.php?rest_route=%2Fwp%2Fv2%2Fcomments&post=1424"}],"version-history":[{"count":11,"href":"https:\/\/thepnamlong.com\/index.php?rest_route=\/wp\/v2\/pages\/1424\/revisions"}],"predecessor-version":[{"id":3835,"href":"https:\/\/thepnamlong.com\/index.php?rest_route=\/wp\/v2\/pages\/1424\/revisions\/3835"}],"wp:attachment":[{"href":"https:\/\/thepnamlong.com\/index.php?rest_route=%2Fwp%2Fv2%2Fmedia&parent=1424"}],"curies":[{"name":"wp","href":"https:\/\/api.w.org\/{rel}","templated":true}]}}