{"id":296,"date":"2018-10-16T03:59:13","date_gmt":"2018-10-16T03:59:13","guid":{"rendered":"http:\/\/phuclamvuong.bdvinter.com\/?page_id=296"},"modified":"2021-03-08T09:22:33","modified_gmt":"2021-03-08T09:22:33","slug":"trang-chu","status":"publish","type":"page","link":"https:\/\/thepnamlong.com\/","title":{"rendered":"TRANG CH\u1ee6"},"content":{"rendered":"<div class=\"wpb-content-wrapper\">[vc_row][vc_column]<div class=\"avt_masterslider_el \" >\n\t\t<!-- MasterSlider -->\n\t\t<div id=\"P_MS69e039fea0222\" class=\"master-slider-parent ms-parent-id-1\" style=\"max-width:1150px;\" >\n\n\t\t\t\n\t\t\t<!-- MasterSlider Main -->\n\t\t\t<div id=\"MS69e039fea0222\" class=\"master-slider ms-skin-default\" >\n\t\t\t\t \t\t\t\t \n\n\t\t\t<div  class=\"ms-slide\" data-delay=\"3\" data-fill-mode=\"fill\"   >\n\t\t\t\t\t<img decoding=\"async\" src=\"https:\/\/thepnamlong.com\/wp-content\/plugins\/masterslider\/public\/assets\/css\/blank.gif\" alt=\"\" title=\"hinhphulongmoi_1\" data-src=\"https:\/\/thepnamlong.com\/wp-content\/uploads\/2021\/02\/hinhphulongmoi_1-1150x350.jpg\" \/>\n\n\n\t\t\t\t<\/div>\n\t\t\t<div  class=\"ms-slide\" data-delay=\"3\" data-fill-mode=\"fill\"   >\n\t\t\t\t\t<img decoding=\"async\" src=\"https:\/\/thepnamlong.com\/wp-content\/plugins\/masterslider\/public\/assets\/css\/blank.gif\" alt=\"\" title=\"0849_giay-theyp-xayy-duyyng\" data-src=\"https:\/\/thepnamlong.com\/wp-content\/uploads\/2021\/02\/0849_giay-theyp-xayy-duyyng-1150x350.jpg\" \/>\n\n\n\t\t\t\t<\/div>\n\n\t\t\t<\/div>\n\t\t\t<!-- END MasterSlider Main -->\n\n\t\t\t \n\t\t<\/div>\n\t\t<!-- END MasterSlider -->\n\n\t\t<script>\n\t\t( window.MSReady = window.MSReady || [] ).push( function( $ ) {\n\n\t\t\t\"use strict\";\n\t\t\tvar masterslider_0222 = new MasterSlider();\n\n\t\t\t\/\/ slider controls\n\t\t\t\/\/ slider setup\n\t\t\tmasterslider_0222.setup(\"MS69e039fea0222\", {\n\t\t\t\twidth           : 1150,\n\t\t\t\theight          : 350,\n\t\t\t\tminHeight       : 350,\n\t\t\t\tspace           : 0,\n\t\t\t\tstart           : 1,\n\t\t\t\tgrabCursor      : true,\n\t\t\t\tswipe           : true,\n\t\t\t\tmouse           : true,\n\t\t\t\tkeyboard        : false,\n\t\t\t\tlayout          : \"boxed\",\n\t\t\t\twheel           : false,\n\t\t\t\tautoplay        : true,\n                instantStartLayers:false,\n\t\t\t\tmobileBGVideo:false,\n\t\t\t\tloop            : false,\n\t\t\t\tshuffle         : false,\n\t\t\t\tpreload         : 0,\n\t\t\t\theightLimit     : true,\n\t\t\t\tautoHeight      : true,\n\t\t\t\tsmoothHeight    : true,\n\t\t\t\tendPause        : false,\n\t\t\t\toverPause       : true,\n\t\t\t\tfillMode        : \"fill\",\n\t\t\t\tcenterControls  : true,\n\t\t\t\tstartOnAppear   : false,\n\t\t\t\tlayersMode      : \"center\",\n\t\t\t\tautofillTarget  : \"\",\n\t\t\t\thideLayers      : false,\n\t\t\t\tfullscreenMargin: 0,\n\t\t\t\tspeed           : 20,\n\t\t\t\tdir             : \"h\",\n\t\t\t\tresponsive      : true,\n\t\t\t\ttabletWidth     : 768,\n\t\t\t\ttabletHeight    : null,\n\t\t\t\tphoneWidth      : 480,\n\t\t\t\tphoneHeight    : null,\n\t\t\t\tsizingReference : window,\n\t\t\t\tparallaxMode    : 'swipe',\n\t\t\t\tview            : \"basic\"\n\t\t\t});\n\n\t\t\t\n\t\t\twindow.masterslider_instances = window.masterslider_instances || [];\n\t\t\twindow.masterslider_instances.push( masterslider_0222 );\n\t\t});\n\t\t<\/script>\n\n<\/div>[mk_padding_divider size=&#8221;20&#8243;][vc_row_inner][vc_column_inner width=&#8221;1\/4&#8243;][vc_wp_custommenu title=&#8221;DANH M\u1ee4C S\u1ea2N PH\u1ea8M&#8221; nav_menu=&#8221;2&#8243;][mk_fancy_title margin_bottom=&#8221;0&#8243; font_family=&#8221;none&#8221; responsive_align=&#8221;left&#8221;]CATALOG S\u1ea2N PH\u1ea8M[\/mk_fancy_title][vc_media_grid element_width=&#8221;12&#8243; grid_id=&#8221;vc_gid:1615195102146-b19e7b97-67c1-2&#8243; include=&#8221;3795,3796,3801,3802,3803,3804,3805,3806&#8243;][mk_button icon=&#8221;mk-icon-paper-plane&#8221; url=&#8221;https:\/\/thepnamlong.com\/catalog-san-pham\/&#8221; align=&#8221;right&#8221;]Xem th\u00eam[\/mk_button][\/vc_column_inner][vc_column_inner width=&#8221;3\/4&#8243;][mk_fancy_title margin_bottom=&#8221;0&#8243; font_family=&#8221;none&#8221; responsive_align=&#8221;left&#8221;]TH\u00c9P NAM LONG[\/mk_fancy_title][vc_column_text css=&#8221;.vc_custom_1614394792736{margin-bottom: 0px !important;}&#8221;]C\u00f4ng Ty Tnhh Th\u01b0\u01a1ng M\u1ea1i Th\u00e9p Nam Long hi\u1ec7n t\u1ea1i \u0111ang l\u00e0 m\u1ed9t trong nh\u1eefng doanh nghi\u1ec7p uy t\u00edn v\u00e0 \u0111\u01b0\u1ee3c nhi\u1ec1u kh\u00e1ch h\u00e0ng \u0111\u1eb7t ni\u1ec1m tin v\u00e0 l\u1ef1a ch\u1ecdn c\u00e1c s\u1ea3n ph\u1ea9m \u0111\u1ec3 s\u1eed d\u1ee5ng. Hi\u1ec7n t\u1ea1i Th\u00e9p Nam Long \u0111ang l\u00e0 \u0111\u01a1n v\u1ecb s\u1ea3n xu\u1ea5t v\u00e0 ph\u00e2n ph\u1ed1i c\u00e1c s\u1ea3n ph\u1ea9m \u1ed1ng th\u00e9p l\u1edbn tr\u00ean th\u1ecb tr\u01b0\u1eddng.<br \/>\nV\u1edbi ph\u01b0\u01a1ng ch\u00e2m &#8220;Ho\u00e0n h\u1ea3o trong ch\u1ea5t l\u01b0\u1ee3ng v\u00e0 d\u1ecbch v\u1ee5&#8221; n\u00ean qu\u00fd kh\u00e1ch h\u00e0ng ho\u00e0n to\u00e0n y\u00ean t\u00e2m v\u1ec1 ch\u1ea5t l\u01b0\u1ee3ng s\u1ea3n ph\u1ea9m c\u0169ng nh\u01b0 tr\u1ea1ng th\u00e1i ph\u1ee5c v\u1ee5 c\u1ee7a Th\u00e9p Nam Long<br \/>\nC\u00e1c d\u00f2ng s\u1ea3n ph\u1ea9m c\u1ee7a c\u00f4ng ty nh\u01b0:<br \/>\n+ Th\u00e9p h\u00ecnh: th\u00e9p H, th\u00e9p U, th\u00e9p I, th\u00e9p V<br \/>\n+ Th\u00e9p \u1ed1ng tr\u00f2n \u0111en, \u1ed1ng th\u00e9p tr\u00f2n m\u1ea1 k\u1ebdm., \u1ed1ng th\u00e9p kh\u00f4ng g\u1ec9<br \/>\n+ Th\u00e9p h\u1ed9p vu\u00f4ng, ch\u1eef nh\u1eadt \u0111en. Th\u00e9p h\u1ed9p vu\u00f4ng, ch\u1eef nh\u1eadt m\u1ea1 k\u1ebdm.<br \/>\n+ Th\u00e9p t\u1ea5m, l\u00e1, th\u00e9p cu\u1ed9n, t\u1ea5m nh\u00e1m.<br \/>\n+ M\u1ea1 k\u1ebdm nh\u00fang n\u00f3ng, thanh la, b\u1ea3n m\u00e3<br \/>\n+ T\u00f4n m\u00e1t 03 l\u1edbp c\u00e1ch nhi\u1ec7t c\u00e1ch \u00e2m, c\u00e1c lo\u1ea1i t\u00f4n l\u1ee3p, t\u00f4n l\u1ea1nh, t\u00f4n m\u00e1t<br \/>\n+ Ph\u1ee5 ki\u1ec7n th\u00e9p: C\u00fat, b\u00edch, van&#8230;[\/vc_column_text][mk_padding_divider size=&#8221;19&#8243;][mk_fancy_title margin_bottom=&#8221;0&#8243; font_family=&#8221;none&#8221; responsive_align=&#8221;left&#8221;]S\u1ea2N PH\u1ea8M[\/mk_fancy_title][mk_products columns=&#8221;3&#8243; count=&#8221;15&#8243; category=&#8221;san-pham&#8221;][mk_fancy_title margin_bottom=&#8221;0&#8243; font_family=&#8221;none&#8221; responsive_align=&#8221;left&#8221;]TIN T\u1ee8C &#8211; S\u1ef0 KI\u1ec6N[\/mk_fancy_title][vc_raw_html]JTVCcHRfdmlldyUyMGlkJTNEJTIyOWJlMzhiMmRxdyUyMiU1RA==[\/vc_raw_html][\/vc_column_inner][\/vc_row_inner][\/vc_column][\/vc_row][vc_row][vc_column][vc_raw_html]JTVCbG9nb19jYXJvdXNlbF9zbGlkZXIlNUQ=[\/vc_raw_html][vc_raw_html]JTNDaWZyYW1lJTIwc3JjJTNEJTIyaHR0cHMlM0ElMkYlMkZ3d3cuZ29vZ2xlLmNvbSUyRm1hcHMlMkZlbWJlZCUzRnBiJTNEJTIxMW0xOCUyMTFtMTIlMjExbTMlMjExZDM5MTkuMzIxMTM2ODA0MTk5JTIxMmQxMDYuNjAyODUwNDEzNzk5OTQlMjEzZDEwLjc4NjY5NzY5MjMxNDU1MyUyMTJtMyUyMTFmMCUyMTJmMCUyMTNmMCUyMTNtMiUyMTFpMTAyNCUyMTJpNzY4JTIxNGYxMy4xJTIxM20zJTIxMW0yJTIxMXMweDMxNzUyYzBjZDMyNzQ4NzMlMjUzQTB4OWJmMmJkNWUyMzdkOGU1OSUyMTJ6TVRJMUlNU1FMaUJUNGJ1UklEUXNJRUxEckc1b0lFakdzRzVuSUVodnc2QWdRU3dnUXNPc2JtZ2dWTU9pYml3Z1ZHakRvRzVvSUhCbzRidVJJRWpodTVNZ1EyakRyU0JOYVc1b0xDQldhZUc3aDNRZ1RtRnQlMjE1ZTAlMjEzbTIlMjExc3ZpJTIxMnMlMjE0djE2MTQyNDQ3NzExOTIlMjE1bTIlMjExc3ZpJTIxMnMlMjIlMjB3aWR0aCUzRCUyMjEwMCUyNSUyMiUyMGhlaWdodCUzRCUyMjM1MCUyMiUyMHN0eWxlJTNEJTIyYm9yZGVyJTNBMCUzQiUyMiUyMGFsbG93ZnVsbHNjcmVlbiUzRCUyMiUyMiUyMGxvYWRpbmclM0QlMjJsYXp5JTIyJTNFJTNDJTJGaWZyYW1lJTNF[\/vc_raw_html][\/vc_column][\/vc_row]\n<\/div>","protected":false},"excerpt":{"rendered":"<p>[vc_row][vc_column][mk_padding_divider size=&#8221;20&#8243;][vc_row_inner][vc_column_inner width=&#8221;1\/4&#8243;][vc_wp_custommenu title=&#8221;DANH M\u1ee4C S\u1ea2N PH\u1ea8M&#8221; nav_menu=&#8221;2&#8243;][mk_fancy_title margin_bottom=&#8221;0&#8243; font_family=&#8221;none&#8221; responsive_align=&#8221;left&#8221;]CATALOG S\u1ea2N PH\u1ea8M[\/mk_fancy_title][vc_media_grid element_width=&#8221;12&#8243; grid_id=&#8221;vc_gid:1615195102146-b19e7b97-67c1-2&#8243; include=&#8221;3795,3796,3801,3802,3803,3804,3805,3806&#8243;][mk_button icon=&#8221;mk-icon-paper-plane&#8221; url=&#8221;https:\/\/thepnamlong.com\/catalog-san-pham\/&#8221; align=&#8221;right&#8221;]Xem th\u00eam[\/mk_button][\/vc_column_inner][vc_column_inner width=&#8221;3\/4&#8243;][mk_fancy_title margin_bottom=&#8221;0&#8243; font_family=&#8221;none&#8221; responsive_align=&#8221;left&#8221;]TH\u00c9P NAM LONG[\/mk_fancy_title][vc_column_text css=&#8221;.vc_custom_1614394792736{margin-bottom: 0px !important;}&#8221;]C\u00f4ng Ty Tnhh Th\u01b0\u01a1ng M\u1ea1i Th\u00e9p Nam Long hi\u1ec7n t\u1ea1i \u0111ang l\u00e0 m\u1ed9t trong nh\u1eefng doanh nghi\u1ec7p uy t\u00edn v\u00e0 \u0111\u01b0\u1ee3c nhi\u1ec1u kh\u00e1ch h\u00e0ng \u0111\u1eb7t ni\u1ec1m tin [&hellip;]<\/p>\n","protected":false},"author":1,"featured_media":0,"parent":0,"menu_order":0,"comment_status":"closed","ping_status":"closed","template":"","meta":{"footnotes":""},"class_list":["post-296","page","type-page","status-publish","hentry"],"_links":{"self":[{"href":"https:\/\/thepnamlong.com\/index.php?rest_route=\/wp\/v2\/pages\/296","targetHints":{"allow":["GET"]}}],"collection":[{"href":"https:\/\/thepnamlong.com\/index.php?rest_route=\/wp\/v2\/pages"}],"about":[{"href":"https:\/\/thepnamlong.com\/index.php?rest_route=\/wp\/v2\/types\/page"}],"author":[{"embeddable":true,"href":"https:\/\/thepnamlong.com\/index.php?rest_route=\/wp\/v2\/users\/1"}],"replies":[{"embeddable":true,"href":"https:\/\/thepnamlong.com\/index.php?rest_route=%2Fwp%2Fv2%2Fcomments&post=296"}],"version-history":[{"count":147,"href":"https:\/\/thepnamlong.com\/index.php?rest_route=\/wp\/v2\/pages\/296\/revisions"}],"predecessor-version":[{"id":3847,"href":"https:\/\/thepnamlong.com\/index.php?rest_route=\/wp\/v2\/pages\/296\/revisions\/3847"}],"wp:attachment":[{"href":"https:\/\/thepnamlong.com\/index.php?rest_route=%2Fwp%2Fv2%2Fmedia&parent=296"}],"curies":[{"name":"wp","href":"https:\/\/api.w.org\/{rel}","templated":true}]}}