{"id":3822,"date":"2021-03-08T08:38:51","date_gmt":"2021-03-08T08:38:51","guid":{"rendered":"https:\/\/thepnamlong.com\/?page_id=3822"},"modified":"2021-03-08T08:38:51","modified_gmt":"2021-03-08T08:38:51","slug":"catalo-ong-thep-cac-loai","status":"publish","type":"page","link":"https:\/\/thepnamlong.com\/?page_id=3822","title":{"rendered":"CATALO \u1ed0NG TH\u00c9P C\u00c1C LO\u1ea0I"},"content":{"rendered":"<h3><span style=\"color: #000000;\"><strong>CATALOG \u1ed0NG H\u00d2A PH\u00c1T<\/strong><\/span><br \/>\n[pdf-embedder url=&#8221;https:\/\/thepnamlong.com\/wp-content\/uploads\/2021\/03\/catalo-ong-hoa-pht-2020.pdf&#8221; title=&#8221;CATALO \u1ed0NG H\u00d2A PH\u00c1T&#8221;]<\/h3>\n<h3><span style=\"color: #000000;\"><strong>CATALOG TH\u00c9P SEAH TI\u1ebeNG VI\u1ec6T<\/strong><\/span><\/h3>\n[pdf-embedder url=&#8221;https:\/\/thepnamlong.com\/wp-content\/uploads\/2021\/03\/catalo-thep-seah-tieng-viet_13.08.2020-1-1.pdf&#8221;]\n<h3><span style=\"color: #000000;\"><strong>CATALOG \u1ed0NG VI\u1ec6T \u0110\u1ee8C<\/strong><\/span><\/h3>\n[pdf-embedder url=&#8221;https:\/\/thepnamlong.com\/wp-content\/uploads\/2021\/03\/cataloge-ng-vit-c.pdf&#8221;]\n<h3><span style=\"color: #000000;\"><strong>CATALOG \u1ed0NG SUNCO<\/strong><\/span><\/h3>\n[pdf-embedder url=&#8221;https:\/\/thepnamlong.com\/wp-content\/uploads\/2021\/03\/catalogogue_ong_sunco_astm_a53.pdf&#8221;]\n<h3><span style=\"color: #000000;\"><strong>CATALOG CP190<\/strong><\/span><\/h3>\n[pdf-embedder url=&#8221;https:\/\/thepnamlong.com\/wp-content\/uploads\/2021\/03\/catalogue-cp190-ff3-1.pdf&#8221;]\n","protected":false},"excerpt":{"rendered":"<p>CATALOG \u1ed0NG H\u00d2A PH\u00c1T [pdf-embedder url=&#8221;https:\/\/thepnamlong.com\/wp-content\/uploads\/2021\/03\/catalo-ong-hoa-pht-2020.pdf&#8221; title=&#8221;CATALO \u1ed0NG H\u00d2A PH\u00c1T&#8221;] CATALOG TH\u00c9P SEAH TI\u1ebeNG VI\u1ec6T [pdf-embedder url=&#8221;https:\/\/thepnamlong.com\/wp-content\/uploads\/2021\/03\/catalo-thep-seah-tieng-viet_13.08.2020-1-1.pdf&#8221;] CATALOG \u1ed0NG VI\u1ec6T \u0110\u1ee8C [pdf-embedder url=&#8221;https:\/\/thepnamlong.com\/wp-content\/uploads\/2021\/03\/cataloge-ng-vit-c.pdf&#8221;] CATALOG \u1ed0NG SUNCO [pdf-embedder url=&#8221;https:\/\/thepnamlong.com\/wp-content\/uploads\/2021\/03\/catalogogue_ong_sunco_astm_a53.pdf&#8221;] CATALOG CP190 [pdf-embedder url=&#8221;https:\/\/thepnamlong.com\/wp-content\/uploads\/2021\/03\/catalogue-cp190-ff3-1.pdf&#8221;]<\/p>\n","protected":false},"author":1,"featured_media":0,"parent":0,"menu_order":0,"comment_status":"closed","ping_status":"closed","template":"","meta":{"footnotes":""},"class_list":["post-3822","page","type-page","status-publish","hentry"],"_links":{"self":[{"href":"https:\/\/thepnamlong.com\/index.php?rest_route=\/wp\/v2\/pages\/3822","targetHints":{"allow":["GET"]}}],"collection":[{"href":"https:\/\/thepnamlong.com\/index.php?rest_route=\/wp\/v2\/pages"}],"about":[{"href":"https:\/\/thepnamlong.com\/index.php?rest_route=\/wp\/v2\/types\/page"}],"author":[{"embeddable":true,"href":"https:\/\/thepnamlong.com\/index.php?rest_route=\/wp\/v2\/users\/1"}],"replies":[{"embeddable":true,"href":"https:\/\/thepnamlong.com\/index.php?rest_route=%2Fwp%2Fv2%2Fcomments&post=3822"}],"version-history":[{"count":1,"href":"https:\/\/thepnamlong.com\/index.php?rest_route=\/wp\/v2\/pages\/3822\/revisions"}],"predecessor-version":[{"id":3823,"href":"https:\/\/thepnamlong.com\/index.php?rest_route=\/wp\/v2\/pages\/3822\/revisions\/3823"}],"wp:attachment":[{"href":"https:\/\/thepnamlong.com\/index.php?rest_route=%2Fwp%2Fv2%2Fmedia&parent=3822"}],"curies":[{"name":"wp","href":"https:\/\/api.w.org\/{rel}","templated":true}]}}